{"id":35928,"date":"2018-09-29T22:22:25","date_gmt":"2018-09-29T20:22:25","guid":{"rendered":"https:\/\/www.plotmag.com\/blog\/?page_id=35928"},"modified":"2019-02-01T11:51:09","modified_gmt":"2019-02-01T10:51:09","slug":"fb_dse","status":"publish","type":"page","link":"https:\/\/www.plotmag.com\/blog\/fb_dse\/","title":{"rendered":"Datenschutzhinweise f\u00fcr unsere Facebook-Seite"},"content":{"rendered":"<p><strong>Name und Anschrift der Verantwortlichen: <\/strong><\/p>\n<p>Gemeinsam Verantwortliche f\u00fcr den Betrieb dieser Facebook-Seite sind im Sinne der EU-Datenschutz-Grundverordnung sowie sonstiger datenschutzrechtlicher Bestimmungen die:<\/p>\n<p style=\"padding-left: 30px;\">Facebook Ireland Ltd. (nachfolgend \u201eFacebook\u201c)<\/p>\n<p style=\"padding-left: 30px;\">4 Grand Canal Square<\/p>\n<p style=\"padding-left: 30px;\">Grand Canal Harbour<\/p>\n<p style=\"padding-left: 30px;\">Dublin 2<\/p>\n<p style=\"padding-left: 30px;\">Irland<\/p>\n<p>&nbsp;<\/p>\n<p>und<\/p>\n<p>&nbsp;<\/p>\n<p style=\"padding-left: 30px;\">Marinescu | Poesch GbR<\/p>\n<p style=\"padding-left: 30px;\">Reinsburgstr. 114<\/p>\n<p style=\"padding-left: 30px;\">70197 Stuttgart<\/p>\n<p style=\"padding-left: 30px;\">Deutschland<\/p>\n<p><strong>\u00a0<\/strong><\/p>\n<p><strong>Informationen \u00fcber unsere Facebook-Seite. <\/strong><\/p>\n<p>Wir betreiben diese Seite, um auf unsere Dienstleistungen und Produkte aufmerksam zu machen und um mit Ihnen als Besucher und Benutzer dieser Facebook-Seite sowie unserer Website in Kontakt zu treten. Weitere Informationen \u00fcber uns sowie \u00fcber unsere T\u00e4tigkeiten und unser Unternehmen erhalten Sie auf unserer Website unter <a href=\"https:\/\/www.plotmag.com\">https:\/\/www.plotmag.com<\/a>.<\/p>\n<p>Wir als Betreiber der Facebook-Seite haben kein Interesse an der Erhebung und der weiteren Verarbeitung Ihrer individuellen personenbezogenen Daten zu Analyse- oder Marketingzwecken. Weiterf\u00fchrende Hinweise zu unserem Umgang mit personenbezogenen Daten finden Sie in der Datenschutzerkl\u00e4rung unserer Webseite unter <strong><a href=\"https:\/\/www.plotmag.com\/blog\/datenschutzerklaerung\/\">https:\/\/www.plotmag.com\/blog\/datenschutzerklaerung\/<\/a><\/strong>.<\/p>\n<p>Der Betrieb dieser Facebook-Seite unter Einbezug der Verarbeitung der personenbezogenen Daten der Nutzer erfolgt auf Grundlage unserer berechtigten Interessen an einer zeitgem\u00e4\u00dfen und unterst\u00fctzenden Informations- und Interaktionsm\u00f6glichkeit f\u00fcr und mit unseren Nutzern und Besuchern gem. Art. 6 Abs. 1 lit. f. DSGVO.<\/p>\n<p>Eine Einwilligung gem. Art. 6 Abs. 1 S.1 lit. b) DSGVO f\u00fcr die Verarbeitung der<br \/>\npersonenbezogenen Daten kann nur durch Facebook technisch eingeholt werden. Eine<br \/>\nsolche Einwilligungsm\u00f6glichkeit bietet Facebook derzeit nicht an.<\/p>\n<p>&nbsp;<\/p>\n<p><strong>Verarbeitung von Personenbezogenen Daten durch Facebook <\/strong><\/p>\n<p>Der Europ\u00e4ische Gerichtshof (EuGH) hat in seinem Urteil vom 5. Juni 2018 entschieden (<a href=\"http:\/\/curia.europa.eu\/juris\/document\/document.jsf?text=&amp;docid=202543&amp;pageIndex=0&amp;doclang=DE&amp;mode=req&amp;dir=&amp;occ=first&amp;part=1&amp;cid=298398\">http:\/\/curia.europa.eu\/juris\/document\/document.jsf?text=&amp;docid=202543&amp;pageIndex=0&amp;doclang=DE&amp;mode=req&amp;dir=&amp;occ=first&amp;part=1&amp;cid=298398<\/a>), dass der Betreiber einer Facebook-Seite gemeinsam mit Facebook f\u00fcr die Verarbeitung personenbezogener Daten verantwortlich ist.<\/p>\n<p>Uns ist bekannt, dass Facebook die Daten der Nutzer zu folgenden Zwecken verarbeitet:<\/p>\n<ul>\n<li>Werbung (Analyse, Erstellung personalisierter Werbung)<\/li>\n<li>Erstellung von Nutzerprofilen<\/li>\n<li>Marktforschung<\/li>\n<\/ul>\n<p>Facebook setzt zur Speicherung und weiteren Verarbeitung dieser Informationen Cookies ein, also kleine Textdateien, die auf den verschiedenen Endger\u00e4ten der Benutzer gespeichert werden. Sofern der Benutzer ein Facebook-Profil besitzt und bei diesem eingeloggt ist, erfolgt die Speicherung und Analyse auch ger\u00e4te\u00fcbergreifend.<\/p>\n<p>Die Datenschutzerkl\u00e4rung von Facebook enth\u00e4lt weitere Informationen zur Datenverarbeitung: <a href=\"https:\/\/www.facebook.com\/about\/privacy\/\">https:\/\/www.facebook.com\/about\/privacy\/<\/a><\/p>\n<p>Widerspruchsm\u00f6glichkeiten (sog. Opt-Out) k\u00f6nnen hier: <a href=\"https:\/\/www.facebook.com\/settings?tab=ads\">https:\/\/www.facebook.com\/settings?tab=ads<\/a> und hier <a href=\"http:\/\/www.youronlinechoices.com\">http:\/\/www.youronlinechoices.com<\/a> gesetzt werden.<\/p>\n<p>Facebook Inc., der US-amerikanische Mutterkonzern der Facebook Ireland Ltd. ist unter dem EU-U.S. Privacy-Shield zertifiziert und gibt damit die Zusage, sich an europ\u00e4ische Datenschutzrichtlinien zu halten. Weitere Informationen zum Privacy-Shield-Status von Facebook gibt es hier: <a href=\"https:\/\/www.privacyshield.gov\/participant?id=a2zt0000000GnywAAC&amp;status=Active\">https:\/\/www.privacyshield.gov\/participant?id=a2zt0000000GnywAAC&amp;status=Active<\/a>.<\/p>\n<p>Die \u00dcbermittlung und weitere Verarbeitung personenbezogener Daten der Benutzer in Drittl\u00e4nder, wie z.B. die USA, sowie die damit verbundenen eventuellen Risiken f\u00fcr die Benutzer k\u00f6nnen von uns als Betreiber der Seite nicht ausgeschlossen werden.<\/p>\n<p>&nbsp;<\/p>\n<p><strong>Statistische Daten <\/strong><\/p>\n<p>\u00dcber die sogenannten \u201eInsights\u201c der Facebook-Seite sind statistische Daten unterschiedlicher Kategorien f\u00fcr uns abrufbar. Diese Statistiken werden durch Facebook erzeugt und bereitgestellt. Auf die Erzeugung und Darstellung haben wir als Betreiber der Seite keinen Einfluss. Wir k\u00f6nnen diese Funktion nicht abstellen oder die Erzeugung und Verarbeitung der Daten nicht verhindern. F\u00fcr einen w\u00e4hlbaren Zeitraum sowie jeweils f\u00fcr die Kategorien Fans, Abonnenten, erreichte Personen und interagierende Personen werden uns bezogen auf unsere Facebook-Seite nachfolgende Daten durch Facebook bereitgestellt:<\/p>\n<p>Gesamtanzahl von Seitenaufrufen, \u201eGef\u00e4llt mir\u201c-Angaben, Seitenaktivit\u00e4ten, Beitragsinteraktionen, Reichweite, Videoansichten, Beitragsreichweite, Kommentare, Geteilten Inhalten, Antworten, Anteil M\u00e4nner und Frauen, Herkunft bezogen auf Land und Stadt, Sprache, Aufrufe und Klicks im Shop, Klicks auf Routenplaner, Klicks auf Telefonnummern. Ebenfalls werden auf diesem Wege Daten zu den mit unserer Facebook- Seite verkn\u00fcpften Facebook-Gruppen bereitgestellt. Durch die st\u00e4ndige Entwicklung von Facebook ver\u00e4ndert sich die Verf\u00fcgbarkeit und die Aufbereitung der Daten, sodass wir f\u00fcr weitere Details dazu auf die bereits o.g. Datenschutzerkl\u00e4rung von Facebook verweisen.<\/p>\n<p>Wir nutzen diese in aggregierter Form verf\u00fcgbaren Daten, um unsere Beitr\u00e4ge und Aktivit\u00e4ten auf unserer Facebook-Seite f\u00fcr die Benutzer attraktiver zu machen. So nutzen wir z.B. die Verteilungen nach Alter und Geschlecht f\u00fcr eine angepasste Ansprache und die bevorzugten Besuchszeiten der Nutzer f\u00fcr eine zeitlich optimierte Planung unserer Beitr\u00e4ge. Informationen \u00fcber die Art der verwendeten Endger\u00e4te von Besuchern helfen uns dabei, die Beitr\u00e4ge optisch-gestalterisch daran anzupassen. Entsprechend der Facebook-Nutzungsbedingungen, denen jeder Benutzer im Rahmen der Erstellung eines Facebook-Profils zugestimmt hat, k\u00f6nnen wir die Abonnenten und Fans der Seite identifizieren und deren Profile sowie weitere geteilte Informationen von ihnen einsehen.<\/p>\n<p>&nbsp;<\/p>\n<p><strong>Rechte der Benutzer <\/strong><\/p>\n<p>Bei Fragen zu Ihren Rechten sollten Sie sich bitte direkt mit Facebook in Verbindung setzen.<br \/>\nSie haben ein Recht auf unentgeltliche Auskunft \u00fcber bei Facebook zu Ihrer Person<br \/>\ngespeicherten Daten sowie ggf. ein Recht auf Berichtigung, Einschr\u00e4nkung der Verarbeitung<br \/>\noder L\u00f6schung dieser Daten. Ebenfalls haben Sie das Recht auf Daten\u00fcbertragbarkeit.<br \/>\nSchlie\u00dflich haben Sie auch das Recht, sich \u00fcber die Verarbeitung Ihrer pers\u00f6nlichen Daten<br \/>\ndurch Facebook bei der Datenschutz-Aufsichtsbeh\u00f6rde zu beschweren.<br \/>\nWerden Auskunftsfragen an uns als Seitenbetreiber gestellt, sind wir durch die<br \/>\nZusatzvereinbarung mit Facebook verpflichtet, diese Anfragen \u2013 gleich ob von<br \/>\nPrivatpersonen oder Beh\u00f6rden \u2013 innerhalb von 7 Tagen an Facebook weiterzuleiten.<br \/>\nDieses ergibt sich ebenfalls aus dem o.g. Controller Addendum<br \/>\n<a href=\"https:\/\/www.facebook.com\/legal\/terms\/page_controller_addendum\" target=\"_blank\" rel=\"noopener\">https:\/\/www.facebook.com\/legal\/terms\/page_controller_addendum<\/a><br \/>\nSollten Sie dabei Unterst\u00fctzung ben\u00f6tigen oder anderweitige Fragen haben, dann<br \/>\nkontaktieren Sie uns gerne per E-Mail unter <a href=\"mailto:plot@PLOTmag.com\">plot@PLOTmag.com<\/a>. Wenn<br \/>\nSie die hier beschriebenen Datenverarbeitungen zuk\u00fcnftig nicht mehr w\u00fcnschen, dann<br \/>\nheben Sie bitte durch Nutzung der Funktion \u201eDiese Seite gef\u00e4llt mir nicht mehr\u201c die<br \/>\nVerbindung Ihres Benutzer-Profils zu unserer Seite auf.<\/p>\n<p>Stand der Informationen: 13.12. 2018<\/p>\n<p>\u00a9 2018 Rechtsanw\u00e4ltin Sabrina Keese-Haufs<\/p>\n","protected":false},"excerpt":{"rendered":"<p>Name und Anschrift der Verantwortlichen: Gemeinsam Verantwortliche f\u00fcr den Betrieb dieser Facebook-Seite sind im Sinne der EU-Datenschutz-Grundverordnung sowie sonstiger datenschutzrechtlicher Bestimmungen die: Facebook Ireland [&hellip;]<\/p>\n","protected":false},"author":7,"featured_media":0,"parent":0,"menu_order":0,"comment_status":"closed","ping_status":"closed","template":"","meta":[],"_links":{"self":[{"href":"https:\/\/www.plotmag.com\/blog\/wp-json\/wp\/v2\/pages\/35928"}],"collection":[{"href":"https:\/\/www.plotmag.com\/blog\/wp-json\/wp\/v2\/pages"}],"about":[{"href":"https:\/\/www.plotmag.com\/blog\/wp-json\/wp\/v2\/types\/page"}],"author":[{"embeddable":true,"href":"https:\/\/www.plotmag.com\/blog\/wp-json\/wp\/v2\/users\/7"}],"replies":[{"embeddable":true,"href":"https:\/\/www.plotmag.com\/blog\/wp-json\/wp\/v2\/comments?post=35928"}],"version-history":[{"count":6,"href":"https:\/\/www.plotmag.com\/blog\/wp-json\/wp\/v2\/pages\/35928\/revisions"}],"predecessor-version":[{"id":37873,"href":"https:\/\/www.plotmag.com\/blog\/wp-json\/wp\/v2\/pages\/35928\/revisions\/37873"}],"wp:attachment":[{"href":"https:\/\/www.plotmag.com\/blog\/wp-json\/wp\/v2\/media?parent=35928"}],"curies":[{"name":"wp","href":"https:\/\/api.w.org\/{rel}","templated":true}]}}