{"id":101,"date":"2010-05-26T00:58:25","date_gmt":"2010-05-25T22:58:25","guid":{"rendered":"http:\/\/www.plotmag.de\/blog\/?page_id=101"},"modified":"2023-08-07T10:59:16","modified_gmt":"2023-08-07T08:59:16","slug":"impressum","status":"publish","type":"page","link":"https:\/\/www.plotmag.com\/blog\/impressum\/","title":{"rendered":"Impressum"},"content":{"rendered":"<p>PLOT Magazin<br \/>\nSabine Marinescu, Janina Poesch GbR (aufgel\u00f6st zum 31.12.2020)<\/p>\n<p>Vertretungsberechtigte Gesellschafter: Sabine Marinescu, Janina Poesch<\/p>\n<p>Sabine Marinescu, Urbanstr. 132, 70190 Stuttgart<br \/>\nJanina Poesch, B\u00f6blinger Str. 22, 70178 Stuttgart<\/p>\n<p>Mail: plot@PLOTmag.com<br \/>\n<a href=\"www.PLOTmag.com\" target=\"_blank\" rel=\"noopener\">www.PLOTmag.com<\/a><\/p>\n<p>Umsatzsteuer-Identifikationsnummer: DE262577945 (aufgel\u00f6st zum 31.12.2020)<\/p>\n<p>Inhaltlich verantwortlich gem\u00e4\u00df \u00a7 18 Abs. 2 MStV:&nbsp; Sabine Marinescu, Janina Poesch (Anschrift wie oben)<\/p>\n<p>Haftungshinweis: Trotz sorgf\u00e4ltiger inhaltlicher Kontrolle \u00fcbernehmen wir keine Haftung f\u00fcr die Inhalte externer Links. F\u00fcr den Inhalt der verlinkten Seiten sind ausschlie\u00dflich deren Betreiber verantwortlich.<\/p>\n<p>Datenschutz: Unsere Datenschutzerkl\u00e4rung finden Sie hier:&nbsp;<a href=\"https:\/\/www.plotmag.com\/blog\/datenschutzerklaerung\/\">https:\/\/www.plotmag.com\/blog\/datenschutzerklaerung\/<\/a><\/p>\n<div class=\"wpvgw-quote-text\"><\/div>\n<p>Programmierung \/ Umsetzung: Huan Vu<br \/>\nMail: <a href=\"mailto:huanvu@online.de\">huanvu@online.de<\/a><\/p>\n","protected":false},"excerpt":{"rendered":"<p>PLOT Magazin Sabine Marinescu, Janina Poesch GbR (aufgel\u00f6st zum 31.12.2020) Vertretungsberechtigte Gesellschafter: Sabine Marinescu, Janina Poesch Sabine Marinescu, Urbanstr. 132, 70190 Stuttgart Janina Poesch, [&hellip;]<\/p>\n","protected":false},"author":1,"featured_media":0,"parent":0,"menu_order":19,"comment_status":"open","ping_status":"open","template":"","meta":[],"_links":{"self":[{"href":"https:\/\/www.plotmag.com\/blog\/wp-json\/wp\/v2\/pages\/101"}],"collection":[{"href":"https:\/\/www.plotmag.com\/blog\/wp-json\/wp\/v2\/pages"}],"about":[{"href":"https:\/\/www.plotmag.com\/blog\/wp-json\/wp\/v2\/types\/page"}],"author":[{"embeddable":true,"href":"https:\/\/www.plotmag.com\/blog\/wp-json\/wp\/v2\/users\/1"}],"replies":[{"embeddable":true,"href":"https:\/\/www.plotmag.com\/blog\/wp-json\/wp\/v2\/comments?post=101"}],"version-history":[{"count":27,"href":"https:\/\/www.plotmag.com\/blog\/wp-json\/wp\/v2\/pages\/101\/revisions"}],"predecessor-version":[{"id":46738,"href":"https:\/\/www.plotmag.com\/blog\/wp-json\/wp\/v2\/pages\/101\/revisions\/46738"}],"wp:attachment":[{"href":"https:\/\/www.plotmag.com\/blog\/wp-json\/wp\/v2\/media?parent=101"}],"curies":[{"name":"wp","href":"https:\/\/api.w.org\/{rel}","templated":true}]}}